{"id":470,"date":"2018-08-08T16:58:28","date_gmt":"2018-08-08T14:58:28","guid":{"rendered":"http:\/\/ehca.at\/?page_id=470"},"modified":"2026-02-16T12:22:38","modified_gmt":"2026-02-16T11:22:38","slug":"unsere-mitglieder","status":"publish","type":"page","link":"https:\/\/www.ehca.at\/?page_id=470","title":{"rendered":"Mitglieder"},"content":{"rendered":"<ul>\n<li><span style=\"font-size: 10pt;\">Dr. <strong>Jonas Albrecht<\/strong>, Wirtschafts-, Sozial- und Umwelthistoriker, Wien, jonasmarianalbrecht[at]gmail.com <\/span><\/li>\n<li><span style=\"font-size: 10pt;\">B.A. <strong>Conny Allum<\/strong>, Wien, conny.allum[at]gmail.com<\/span><\/li>\n<li><span style=\"font-size: 10pt;\">PD Dr. <strong>Andrea Fischer<\/strong>, \u00d6sterreichische Akademie der Wissenschaften, Institut f\u00fcr interdisziplin\u00e4re Gebirgsforschung, andrea.fischer[at]uibk.ac.at<\/span><\/li>\n<li><span style=\"font-size: 10pt;\">Mag. Clara <strong>Gassner-Schneckenleithner<\/strong>, Freie Umwelthistorikerin, c.schneckenleithner[at]gmx.at<\/span><\/li>\n<li><span style=\"font-size: 10pt;\">Univ. Prof. Dr. Simone <strong>Gingrich<\/strong>, BOKU Wien, Institut f\u00fcr Soziale \u00d6kologie, simone.gingrich[at]boku.ac.at<\/span><\/li>\n<li><span style=\"font-size: 10pt;\">Mag. Dr. phil. <strong>Robert Gro\u00df<\/strong>, Universit\u00e4t Innsbruck, Institut f\u00fcr Geschichtswissenschaften und Europ\u00e4ische Ethnologie, robert.gross[at]uibk.ac.at<\/span><\/li>\n<li><span style=\"font-size: 10pt;\">Mag. Dr. phil. <strong>Gertrud Haidvogl<\/strong>, BOKU Wien, Institut f\u00fcr Hydrobiologie und Gew\u00e4ssermanagement, gertrud.haidvogl[at]boku.ac.at<\/span><\/li>\n<li><span style=\"font-size: 10pt;\">Assoz.-Prof. Dr. phil. <strong>Ute Hasen\u00f6hrl<\/strong>, Universit\u00e4t Innsbruck, Institut f\u00fcr Geschichtswissenschaften und Europ\u00e4ische Ethnologie, ute.hasenoehrl[at]uibk.ac.at<\/span><\/li>\n<li><span style=\"font-size: 10pt;\">Prof. Dr. Sebastian <strong>Haumann<\/strong>, Universit\u00e4t Salzburg, Fachbereich Geschichte, sebastian.haumann[at]plus.ac.at<\/span><\/li>\n<li><span style=\"font-size: 10pt;\">Priv.-Doz.in Mag.a Dr.in <strong>Maria Heidegger<\/strong>, Universit\u00e4t Innsbruck, Institut f\u00fcr Geschichtswissenschaften und Europ\u00e4ische Ethnologie, maria.heidegger[at]uibk.ac.at<\/span><\/li>\n<li><span style=\"font-size: 10pt;\">Dipl.-Ing. Dr. nat. techn. <strong>Severin Hohensinner<\/strong>, BOKU Wien, Institut f\u00fcr Hydrobiologie und Gew\u00e4ssermanagement, severin.hohensinner[at]boku.ac.at<\/span><\/li>\n<li><span style=\"font-size: 10pt;\">Dr. <strong>Onur Inal<\/strong>, Universit\u00e4t Wien, Institut f\u00fcr Orientalistik, onur.inal[at]univie.ac.at<\/span><\/li>\n<li><span style=\"font-size: 10pt;\">Dr. Dipl. Forstw. <strong>Elisabeth Johann<\/strong>, \u00d6sterreichischer Forstverein, Fachausschuss Forstgeschichte, IUFRO Research Unit 9.03.02 Forest and Culture, elisabet.johann[at]aon.at<\/span><\/li>\n<li><span style=\"font-size: 10pt;\">Univ. Prof. Dr. <strong>Martin Knoll<\/strong>, Universit\u00e4t Salzburg, Fachbereich Geschichte, martin.knoll[at]sbg.ac.at<\/span><\/li>\n<li><span style=\"font-size: 10pt;\">Univ. Prof. Dr. <strong>Fridolin Krausmann<\/strong>, BOKU Wien, Institut f\u00fcr Soziale \u00d6kologie, fridolin.krausmann[at]boku.ac.at<\/span><\/li>\n<li><span style=\"font-size: 10pt;\">Univ. Prof. Dr. <strong>Patrick Kupper<\/strong>, Universit\u00e4t Innsbruck, Institut f\u00fcr Geschichtswissenschaften und Europ\u00e4ische Ethnologie, patrick.kupper[at]uibk.ac.at<\/span><\/li>\n<li><span style=\"font-size: 10pt;\">Univ. Prof. Mag. Dr. <strong>Ernst Langthaler<\/strong>, Johannes Kepler Universit\u00e4t Linz, lnstitut f\u00fcr Sozial- und Wirtschaftsgeschichte, ernst.langthaler[at]jku.at<\/span><\/li>\n<li><span style=\"font-size: 10pt;\">Mag. <strong>Harald Lehrner<\/strong>, freier Umwelthistoriker, haraldlehrner[at]gmx.at<\/span><\/li>\n<li><span style=\"font-size: 10pt;\">M.A. <strong>Katharina Linne<\/strong>, BOKU Wien, Institut f\u00fcr Soziale \u00d6kologie, katharina.linne[at]boku.ac.at <\/span><\/li>\n<li><span style=\"font-size: 10pt;\">Dr. <strong>Odinn Melsted<\/strong>, Maastricht University, History Department, MUSTS research program, odinnmelsted[at]gmail.com<\/span><\/li>\n<li><span style=\"font-size: 10pt;\">Dr. <strong>Reinhard Nie\u00dfner<\/strong>, Geigenbaumuseum Mittenwald, leitung[at]geigenbaumuseum-mittenwald.de<\/span><\/li>\n<li><span style=\"font-size: 10pt;\">Mag. <strong>Lukas Oberreiter<\/strong>, BSc, freier Sozial\u00f6kologe, oberreiter.lukas[at]gmx.at<\/span><\/li>\n<li><span style=\"font-size: 10pt;\">DI Dr. <strong>Christina Pichler-Koban<\/strong>, E.C.O. Institut f\u00fcr \u00d6kologie, pichler-koban[at]e-c-o.at<\/span><\/li>\n<li><span style=\"font-size: 10pt;\">Mag. <strong>Sofie Pfannerer-Mittas<\/strong>, Umwelthistorikerin, Wien, sofie[at]pfannerer-mittas.net <\/span><\/li>\n<li><span style=\"font-size: 10pt;\">Dr. <strong>Johannes Preiser-Kapeller<\/strong>, \u00d6sterreichische Akademie der Wissenschaften, Institut f\u00fcr Mittelalterforschung\/Abteilung Byzanzforschung, &#x4a;&#x6f;&#104;a&#x6e;&#x6e;&#101;&#115;&#46;&#x50;&#x72;&#101;&#105;s&#x65;&#x72;&#45;Ka&#x70;&#x65;&#108;l&#x65;&#x72;&#64;&#111;e&#x61;&#x77;&#46;&#97;c&#x2e;&#x61;&#116;<\/span><\/li>\n<li><span style=\"font-size: 10pt;\">Univ. Prof. Dr. <strong>Reinhold Reith<\/strong>, Universit\u00e4t Salzburg, Fachbereich Geschichte, reinhold.reith[at]sbg.ac.at<\/span><\/li>\n<li><span style=\"font-size: 10pt;\">Univ. Prof. Dr. <strong>Christian Rohr<\/strong>, Universit\u00e4t Bern, Historisches Institut, christian.rohr[at]hist.unibe.ch<\/span><\/li>\n<li><span style=\"font-size: 10pt;\">MSc\u00a0<strong>Sophia Rut<\/strong>, Freie Umwelthistorikerin, Wien,\u00a0sophia.rut[at]ocelotl.space<\/span><\/li>\n<li><span style=\"font-size: 10pt;\">Dr.in <strong>Katharina Scharf<\/strong>, Universit\u00e4t Graz, Institut f\u00fcr Geschichte, katharina.scharf[at]uni-graz.at\u200b<\/span><\/li>\n<li><span style=\"font-size: 10pt;\">MSc. <strong>Tobias Schernhammer<\/strong>, V.I.N.C.A. Institut f\u00fcr Naturschutzforschung und \u00d6kologie GmbH, tobias.schernhammer[at]vinca.at<\/span><\/li>\n<li><span style=\"font-size: 10pt;\">Assoc. Prof. Mag. Dr. <strong>Martin Schmid<\/strong>, BOKU Wien, Institut f\u00fcr Soziale \u00d6kologie, martin.schmid[at]boku.ac.at<\/span><\/li>\n<li><span style=\"font-size: 10pt;\">Dr. <strong>Falko Schnicke<\/strong>, Johannes Kepler Universit\u00e4t Linz, Institut f\u00fcr Neuere Geschichte und Zeitgeschichte, falko.schnicke[at]iku.at<\/span><\/li>\n<li><span style=\"font-size: 10pt;\">Mag. <strong>Christina Spitzbart-Glasl<\/strong>, BOKU Wien, Institut f\u00fcr Soziale \u00d6kologie, christina.spitzbart[at]boku.ac.at<\/span><\/li>\n<li><span style=\"font-size: 10pt;\">Assz.-Prof. Dr. <strong>Georg St\u00f6ger<\/strong>, Universit\u00e4t Salzburg, Fachbereich Geschichte, georg.stoeger[at]sbg.ac.at<\/span><\/li>\n<li><span style=\"font-size: 10pt;\">Univ. Prof. Ing. Dr. Phil. <strong>Verena Winiwarter<\/strong>, BOKU Wien, Institut f\u00fcr Soziale \u00d6kologie, verena.winiwarter[at]boku.ac.at<\/span><\/li>\n<\/ul>\n<div class=\"edit-link\"><a class=\"post-edit-link\" href=\"\">edit<\/a><\/div>","protected":false},"excerpt":{"rendered":"<p>Dr. Jonas Albrecht, Wirtschafts-, Sozial- und Umwelthistoriker, Wien, jonasmarianalbrecht[at]gmail.com B.A. Conny Allum, Wien, conny.allum[at]gmail.com PD Dr. Andrea Fischer, \u00d6sterreichische Akademie der Wissenschaften, Institut f\u00fcr interdisziplin\u00e4re Gebirgsforschung, andrea.fischer[at]uibk.ac.at Mag. Clara Gassner-Schneckenleithner, Freie Umwelthistorikerin, c.schneckenleithner[at]gmx.at Univ. Prof. Dr. Simone Gingrich, BOKU Wien, Institut f\u00fcr Soziale&#8230;<\/p>\n","protected":false},"author":4,"featured_media":0,"parent":0,"menu_order":3,"comment_status":"closed","ping_status":"closed","template":"","meta":{"footnotes":""},"class_list":["post-470","page","type-page","status-publish","hentry"],"_links":{"self":[{"href":"https:\/\/www.ehca.at\/index.php?rest_route=\/wp\/v2\/pages\/470","targetHints":{"allow":["GET"]}}],"collection":[{"href":"https:\/\/www.ehca.at\/index.php?rest_route=\/wp\/v2\/pages"}],"about":[{"href":"https:\/\/www.ehca.at\/index.php?rest_route=\/wp\/v2\/types\/page"}],"author":[{"embeddable":true,"href":"https:\/\/www.ehca.at\/index.php?rest_route=\/wp\/v2\/users\/4"}],"replies":[{"embeddable":true,"href":"https:\/\/www.ehca.at\/index.php?rest_route=%2Fwp%2Fv2%2Fcomments&post=470"}],"version-history":[{"count":27,"href":"https:\/\/www.ehca.at\/index.php?rest_route=\/wp\/v2\/pages\/470\/revisions"}],"predecessor-version":[{"id":962,"href":"https:\/\/www.ehca.at\/index.php?rest_route=\/wp\/v2\/pages\/470\/revisions\/962"}],"wp:attachment":[{"href":"https:\/\/www.ehca.at\/index.php?rest_route=%2Fwp%2Fv2%2Fmedia&parent=470"}],"curies":[{"name":"wp","href":"https:\/\/api.w.org\/{rel}","templated":true}]}}