{"id":445,"date":"2018-05-08T11:20:14","date_gmt":"2018-05-08T09:20:14","guid":{"rendered":"http:\/\/ehca.at\/?page_id=445"},"modified":"2018-10-11T15:30:24","modified_gmt":"2018-10-11T13:30:24","slug":"page-home","status":"publish","type":"page","link":"https:\/\/www.ehca.at\/","title":{"rendered":"Willkommen beim Environmental History Cluster Austria!"},"content":{"rendered":"<h1><\/h1>\n<p>Am 21.3.2016 wurde der Environmental History Cluster Austria (EHCA) als universit\u00e4ts\u00fcbergreifender Forschungscluster umwelthistorischer ForscherInnen in \u00d6sterreich gegr\u00fcndet. Zurzeit besteht der EHCA aus Mitgliedern der Universit\u00e4ten Innsbruck, Linz und Salzburg, dem Institut f\u00fcr Geschichte des l\u00e4ndlichen Raums\/St. P\u00f6lten, der Universit\u00e4t f\u00fcr Bodenkultur\/Wien und der \u00d6sterreichischen Akademie der Wissenschaften.<\/p>\n<p>EHCA ist seit September 2017 ein VEREIN!<br \/>\nWir freuen uns \u00fcber diese institutionelle Verankerung. Weitere Informationen finden sich <a href=\"https:\/\/www.mountainresearch.at\/ehca\/?page_id=321\">hier<\/a>.<\/p>\n<p>Der EHCA versteht sich als offenes Forum vor allem auch f\u00fcr die Vernetzung und F\u00f6rderung des wissenschaftlichen Nachwuchses. EHCA wurde mit dem Ziel gegr\u00fcndet, die Zusammenarbeit der verschiedenen Institutionen in \u00d6sterreich, die umwelthistorische Forschungen betreiben, zu verst\u00e4rken. Wir w\u00fcrden uns sehr freuen, Sie im EHCA begr\u00fc\u00dfen zu d\u00fcrfen.<\/p>\n<p>Wir informieren in unserem NEWS-Bereich \u00fcber f\u00fcr die \u00f6sterreichische Umweltgeschichte interessante Veranstaltungen, Lehrangebote und mehr. Wir freuen uns, wenn Sie unser Newsservice abonnieren.<\/p>\n<p>&nbsp;<\/p>\n<p>EHCA ist stimmberechtigtes Mitglied von ICEHO <a href=\"http:\/\/www.iceho.org\/\">[http:\/\/www.iceho.org\/]<\/a>.<\/p>\n<div class=\"edit-link\"><a class=\"post-edit-link\" href=\"\">edit<\/a><\/div>","protected":false},"excerpt":{"rendered":"<p>Am 21.3.2016 wurde der Environmental History Cluster Austria (EHCA) als universit\u00e4ts\u00fcbergreifender Forschungscluster umwelthistorischer ForscherInnen in \u00d6sterreich gegr\u00fcndet. Zurzeit besteht der EHCA aus Mitgliedern der Universit\u00e4ten Innsbruck, Linz und Salzburg, dem Institut f\u00fcr Geschichte des l\u00e4ndlichen Raums\/St. P\u00f6lten, der Universit\u00e4t f\u00fcr Bodenkultur\/Wien und der&#8230;<\/p>\n","protected":false},"author":3,"featured_media":0,"parent":0,"menu_order":0,"comment_status":"closed","ping_status":"closed","template":"","meta":{"footnotes":""},"class_list":["post-445","page","type-page","status-publish","hentry"],"_links":{"self":[{"href":"https:\/\/www.ehca.at\/index.php?rest_route=\/wp\/v2\/pages\/445","targetHints":{"allow":["GET"]}}],"collection":[{"href":"https:\/\/www.ehca.at\/index.php?rest_route=\/wp\/v2\/pages"}],"about":[{"href":"https:\/\/www.ehca.at\/index.php?rest_route=\/wp\/v2\/types\/page"}],"author":[{"embeddable":true,"href":"https:\/\/www.ehca.at\/index.php?rest_route=\/wp\/v2\/users\/3"}],"replies":[{"embeddable":true,"href":"https:\/\/www.ehca.at\/index.php?rest_route=%2Fwp%2Fv2%2Fcomments&post=445"}],"version-history":[{"count":4,"href":"https:\/\/www.ehca.at\/index.php?rest_route=\/wp\/v2\/pages\/445\/revisions"}],"predecessor-version":[{"id":504,"href":"https:\/\/www.ehca.at\/index.php?rest_route=\/wp\/v2\/pages\/445\/revisions\/504"}],"wp:attachment":[{"href":"https:\/\/www.ehca.at\/index.php?rest_route=%2Fwp%2Fv2%2Fmedia&parent=445"}],"curies":[{"name":"wp","href":"https:\/\/api.w.org\/{rel}","templated":true}]}}