{"id":390,"date":"2018-03-04T20:41:24","date_gmt":"2018-03-04T19:41:24","guid":{"rendered":"http:\/\/ehca.at\/?page_id=390"},"modified":"2018-03-04T21:08:26","modified_gmt":"2018-03-04T20:08:26","slug":"mitglied-werden","status":"publish","type":"page","link":"https:\/\/www.ehca.at\/?page_id=390","title":{"rendered":"Mitglied werden"},"content":{"rendered":"<p>Aus sicherheitstechnischen Gr\u00fcnden ist es derzeit nur per eMail oder Post m\u00f6glich, das Beitrittsgesuch zu stellen.<\/p>\n<p>Die Mitgliedschaft zum Verein steht nat\u00fcrlichen sowie juristischen Personen offen. Falls Sie dem Verein beitreten wollen, f\u00fcllen Sie bitte die <a href=\"https:\/\/www.mountainresearch.at\/ehca\/wp-content\/uploads\/2018\/01\/ehca_beitrittsformular.pdf\" target=\"_blank\" rel=\"noopener\">Beitrittserkl\u00e4rung<\/a> aus und schicken diese an<\/p>\n<p style=\"padding-left: 30px;\">Dr. Georg St\u00f6ger<br \/>\nFachbereich Geschichte<br \/>\nUniv. Salzburg<br \/>\nRudolfskai 42<br \/>\n5020 Salzburg\/ \u00d6sterreich<\/p>\n<p>oder als Scan an <a href=\"&#109;&#x61;i&#108;&#x74;o&#58;&#x67;e&#111;&#x72;g&#46;&#x73;t&#111;&#x65;g&#101;&#x72;&#64;&#115;&#x62;g&#46;&#x61;c&#46;&#x61;t\">&#103;&#101;&#x6f;&#x72;&#103;&#46;&#x73;&#x74;&#111;&#101;&#x67;&#x65;&#114;&#64;&#x73;&#x62;&#103;&#46;&#x61;&#x63;&#46;&#97;&#x74;<\/a>.<\/p>\n<p>Alternativ k\u00f6nnen Sie <a href=\"&#x6d;&#97;i&#x6c;&#116;o&#x3a;&#103;e&#x6f;&#114;g&#x2e;&#115;t&#x6f;&#101;g&#x65;&#114;&#64;&#x73;&#98;g&#x2e;&#97;c&#x2e;&#97;t?subject=Beitrittsgesuch%20EHCA&amp;body=Sehr%20geehrter%20Herr%20Dr.%20St%C3%B6ger%2C%0A%0A%0AHiermit%20beantrage%20ich%20die%20Mitgliedschaft%20im%20Verein%20%0A%22EHCA%20%E2%80%93%20Environmental%20History%20Cluster%20Austria%20%0ANetzwerk%20Umweltgeschichte%20%C3%96sterreich%22.%0A%20%0AMitgliedsdaten%3A%0AVorname%0A%0ANachname%0A%0AStra%C3%9Fe%20und%20Hausnummer%0A%0APLZ%20und%20Wohnort%0A%0AGeburtsdatum%0A%0AEmail%0A%0ATelefon%20(optional)%0A%0Ainstitutionelle%20Verankerung%20(optional)%0Az.B.%20Fachbereich%20Geschichte%20der%20Universit%C3%A4t%20Salzburg%0A%0AInformationen%20f%C3%BCr%20die%20Website%0A(optional)%0Az.B.%20Forschungsinteressen%20im%20Bereich%20...%0A%0ABei%20Aufnahme%20in%20den%20Verein%20wird%20ein%20j%C3%A4hrlicher%20Mitgliedsbeitrag%20%20f%C3%A4llig%2C%20dessen%20H%C3%B6he%20unter%20www.ehca.at%20einzusehen%20%20ist.%20%20Dort%20%20finden%20%20sich%20%20auch%20%20die%20Statuten%20des%20Vereins.%20Mit%20%20meiner%20%20Unterschrift%20%20stimme%20%20ich%20%20der%20%20Ver%C3%B6ffentlichung%20folgender%20%20Angaben%20%20im%20%20Inhaltsbereich%20%E2%80%9EMitglieder%E2%80%9C%20der%20Vereinswebsite%20(www.ehca.at)%20zu%20(nicht%20zutreffendes%20bitte%20streichen%2Fl%C3%B6schen)%3A%0A%0Ameines%20Vor-%20und%20Nachnamens%0Ameines%20Wohnorts%20(ohne%20Adresse!)%0Ader%20institutionellen%20Verankerung%0Ader%20%E2%80%9EInformationen%20f%C3%BCr%20die%20Website%E2%80%9C%0ADiese%20Zustimmung%20kann%20jederzeit%20schriftlich%20widerrufen%20werden.%0A%0A\">hier eine eMail-f\u00e4hige Version des Formulares<\/a> abrufen (\u00f6ffnet in Ihrem Mail-Programm).<\/p>\n<p>\u00dcber das Beitrittsgesuch entscheidet der Vorstand.<\/p>\n<p>Der j\u00e4hrliche Mitgliedsbeitrag:<br \/>\n\u2013\u00a0 regul\u00e4r: 30 Euro<br \/>\n\u2013\u00a0 reduziert (Studierende und Personen ohne Einkommen): 15 Euro<br \/>\n\u2013\u00a0 als F\u00f6rderbeitrag: ab 50 Euro<\/p>\n<div class=\"edit-link\"><a class=\"post-edit-link\" href=\"\">edit<\/a><\/div>","protected":false},"excerpt":{"rendered":"<p>Aus sicherheitstechnischen Gr\u00fcnden ist es derzeit nur per eMail oder Post m\u00f6glich, das Beitrittsgesuch zu stellen. Die Mitgliedschaft zum Verein steht nat\u00fcrlichen sowie juristischen Personen offen. Falls Sie dem Verein beitreten wollen, f\u00fcllen Sie bitte die Beitrittserkl\u00e4rung aus und schicken diese an Dr.&#8230;<\/p>\n","protected":false},"author":3,"featured_media":0,"parent":0,"menu_order":0,"comment_status":"closed","ping_status":"closed","template":"","meta":{"footnotes":""},"class_list":["post-390","page","type-page","status-publish","hentry"],"_links":{"self":[{"href":"https:\/\/www.ehca.at\/index.php?rest_route=\/wp\/v2\/pages\/390","targetHints":{"allow":["GET"]}}],"collection":[{"href":"https:\/\/www.ehca.at\/index.php?rest_route=\/wp\/v2\/pages"}],"about":[{"href":"https:\/\/www.ehca.at\/index.php?rest_route=\/wp\/v2\/types\/page"}],"author":[{"embeddable":true,"href":"https:\/\/www.ehca.at\/index.php?rest_route=\/wp\/v2\/users\/3"}],"replies":[{"embeddable":true,"href":"https:\/\/www.ehca.at\/index.php?rest_route=%2Fwp%2Fv2%2Fcomments&post=390"}],"version-history":[{"count":7,"href":"https:\/\/www.ehca.at\/index.php?rest_route=\/wp\/v2\/pages\/390\/revisions"}],"predecessor-version":[{"id":406,"href":"https:\/\/www.ehca.at\/index.php?rest_route=\/wp\/v2\/pages\/390\/revisions\/406"}],"wp:attachment":[{"href":"https:\/\/www.ehca.at\/index.php?rest_route=%2Fwp%2Fv2%2Fmedia&parent=390"}],"curies":[{"name":"wp","href":"https:\/\/api.w.org\/{rel}","templated":true}]}}