{"id":321,"date":"2018-01-17T08:11:57","date_gmt":"2018-01-17T07:11:57","guid":{"rendered":"http:\/\/ehca.at\/?page_id=321"},"modified":"2024-03-21T13:32:44","modified_gmt":"2024-03-21T12:32:44","slug":"verein","status":"publish","type":"page","link":"https:\/\/www.ehca.at\/?page_id=321","title":{"rendered":"Verein"},"content":{"rendered":"<p>EHCA ist seit September 2017 ein Verein:<br \/>\nEHCA &#8211; Environmental History Cluster Austria \/ Netzwerk Umweltgeschichte \u00d6sterreich ZVR-Zahl 1912593812.<br \/>\n<a href=\"http:\/\/www.ehca.at\/wp-content\/uploads\/2023\/10\/Registerauszug_202310101032.pdf\" target=\"_blank\" rel=\"noopener\">Vereinsregisterauszug<\/a><br \/>\n<a href=\"http:\/\/www.ehca.at\/wp-content\/uploads\/2018\/01\/Statuten_Stand_20170925.pdf\" target=\"_blank\" rel=\"noopener\">Vereinsstatuten<\/a><br \/>\n<a href=\"http:\/\/www.ehca.at\/wp-content\/uploads\/2018\/06\/Datenschutzerkl\u00e4rung-EHCA.pdf\">Datenschutzerkl\u00e4rung<\/a><\/p>\n<p>Der Verein bezweckt die F\u00f6rderung und Vernetzung der wissenschaftlichen Forschung zur Umweltgeschichte einschlie\u00dflich der sozial-\u00f6kologischen Langzeitforschung und verwandter Gebiete.<br \/>\n<span style=\"color: #800080;\"><br \/>\n<\/span>Aus sicherheitstechnischen Gr\u00fcnden ist es derzeit nur per eMail oder Post m\u00f6glich das Beitrittsgesuch zu stellen. Zu unserem allergr\u00f6\u00dften Bedauern sind die per Webformular gesendeten Beitrittsgesuche bei uns nie angekommen. Bitte senden Sie Ihren Antrag noch einmal per Post oder eMail an <a href=\"&#x6d;&#x61;&#x69;&#x6c;&#116;&#111;&#58;&#103;eor&#x67;&#x2e;&#x73;&#x74;&#x6f;&#101;&#103;&#101;r&#64;s&#x62;&#x67;&#x2e;&#x61;&#x63;&#46;&#97;&#116;\">georg.stoeger[at]sbg.ac.at<\/a><span style=\"color: #800080;\"> .<br \/>\n<\/span><\/p>\n<p>Die Mitgliedschaft zum Verein steht nat\u00fcrlichen sowie juristischen Personen offen. Falls Sie dem Verein beitreten wollen, f\u00fcllen Sie bitte die <a href=\"https:\/\/www.mountainresearch.at\/ehca\/wp-content\/uploads\/2018\/01\/ehca_beitrittsformular.pdf\" target=\"_blank\" rel=\"noopener\"><span style=\"color: #000000;\">Beitrittserkl\u00e4rung <\/span><\/a>aus und schicken diese an<\/p>\n<p style=\"padding-left: 30px;\">Dr. Georg St\u00f6ger<br \/>\nFachbereich Geschichte<br \/>\nUniv. Salzburg<br \/>\nRudolfskai 42<br \/>\n5020 Salzburg\/ \u00d6sterreich<\/p>\n<p>oder als Scan an <a href=\"&#x6d;&#97;i&#x6c;&#116;o&#x3a;&#103;e&#x6f;&#114;g&#x2e;&#115;t&#x6f;&#x65;g&#x65;&#x72;&#64;&#x73;&#x62;&#103;&#x2e;&#x61;&#99;&#46;&#x61;&#116;\">georg.stoeger[at]sbg.ac.at<\/a>.<\/p>\n<p>Alternativ k\u00f6nnen Sie <a href=\"&#109;&#x61;&#x69;l&#116;&#x6f;:&#103;&#x65;o&#114;&#x67;&#46;&#115;&#x74;&#x6f;&#101;&#x67;&#x65;r&#64;&#x73;b&#103;&#x2e;a&#99;&#x2e;&#x61;&#116;?subject=Beitrittsgesuch%20EHCA&amp;body=Sehr%20geehrter%20Herr%20Dr.%20St%C3%B6ger%2C%0A%0A%0AHiermit%20beantrage%20ich%20die%20Mitgliedschaft%20im%20Verein%20%0A%22EHCA%20%E2%80%93%20Environmental%20History%20Cluster%20Austria%20%0ANetzwerk%20Umweltgeschichte%20%C3%96sterreich%22.%0A%20%0AMitgliedsdaten%3A%0AVorname%0A%0ANachname%0A%0AStra%C3%9Fe%20und%20Hausnummer%0A%0APLZ%20und%20Wohnort%0A%0AGeburtsdatum%0A%0AEmail%0A%0ATelefon%20(optional)%0A%0Ainstitutionelle%20Verankerung%20(optional)%0Az.B.%20Fachbereich%20Geschichte%20der%20Universit%C3%A4t%20Salzburg%0A%0AInformationen%20f%C3%BCr%20die%20Website%0A(optional)%0Az.B.%20Forschungsinteressen%20im%20Bereich%20...%0A%0ABei%20Aufnahme%20in%20den%20Verein%20wird%20ein%20j%C3%A4hrlicher%20Mitgliedsbeitrag%20%20f%C3%A4llig%2C%20dessen%20H%C3%B6he%20unter%20www.ehca.at%20einzusehen%20%20ist.%20%20Dort%20%20finden%20%20sich%20%20auch%20%20die%20Statuten%20des%20Vereins.%20Mit%20%20meiner%20%20Unterschrift%20%20stimme%20%20ich%20%20der%20%20Ver%C3%B6ffentlichung%20folgender%20%20Angaben%20%20im%20%20Inhaltsbereich%20%E2%80%9EMitglieder%E2%80%9C%20der%20Vereinswebsite%20(www.ehca.at)%20zu%20(nicht%20zutreffendes%20bitte%20streichen%2Fl%C3%B6schen)%3A%0A%0Ameines%20Vor-%20und%20Nachnamens%0Ameines%20Wohnorts%20(ohne%20Adresse!)%0Ader%20institutionellen%20Verankerung%0Ader%20%E2%80%9EInformationen%20f%C3%BCr%20die%20Website%E2%80%9C%0ADiese%20Zustimmung%20kann%20jederzeit%20schriftlich%20widerrufen%20werden.%0A%0A\">hier eine eMail-f\u00e4hige Version des Formulares<\/a> abrufen (\u00f6ffnet in Ihrem Mail-Programm).<\/p>\n<p>\u00dcber das Beitrittsgesuch entscheidet der Vorstand.<\/p>\n<p>Der j\u00e4hrliche Mitgliedsbeitrag:<br \/>\n&#8211;\u00a0 regul\u00e4r: 30 Euro<br \/>\n&#8211;\u00a0 reduziert (Studierende und Personen ohne Einkommen): 15 Euro<br \/>\n&#8211;\u00a0 als F\u00f6rderbeitrag: ab 50 Euro<\/p>\n<div class=\"edit-link\"><a class=\"post-edit-link\" href=\"\">edit<\/a><\/div>","protected":false},"excerpt":{"rendered":"<p>EHCA ist seit September 2017 ein Verein: EHCA &#8211; Environmental History Cluster Austria \/ Netzwerk Umweltgeschichte \u00d6sterreich ZVR-Zahl 1912593812. Vereinsregisterauszug Vereinsstatuten Datenschutzerkl\u00e4rung Der Verein bezweckt die F\u00f6rderung und Vernetzung der wissenschaftlichen Forschung zur Umweltgeschichte einschlie\u00dflich der sozial-\u00f6kologischen Langzeitforschung und verwandter Gebiete. Aus sicherheitstechnischen&#8230;<\/p>\n","protected":false},"author":3,"featured_media":0,"parent":0,"menu_order":0,"comment_status":"closed","ping_status":"closed","template":"","meta":{"footnotes":""},"class_list":["post-321","page","type-page","status-publish","hentry"],"_links":{"self":[{"href":"https:\/\/www.ehca.at\/index.php?rest_route=\/wp\/v2\/pages\/321","targetHints":{"allow":["GET"]}}],"collection":[{"href":"https:\/\/www.ehca.at\/index.php?rest_route=\/wp\/v2\/pages"}],"about":[{"href":"https:\/\/www.ehca.at\/index.php?rest_route=\/wp\/v2\/types\/page"}],"author":[{"embeddable":true,"href":"https:\/\/www.ehca.at\/index.php?rest_route=\/wp\/v2\/users\/3"}],"replies":[{"embeddable":true,"href":"https:\/\/www.ehca.at\/index.php?rest_route=%2Fwp%2Fv2%2Fcomments&post=321"}],"version-history":[{"count":42,"href":"https:\/\/www.ehca.at\/index.php?rest_route=\/wp\/v2\/pages\/321\/revisions"}],"predecessor-version":[{"id":899,"href":"https:\/\/www.ehca.at\/index.php?rest_route=\/wp\/v2\/pages\/321\/revisions\/899"}],"wp:attachment":[{"href":"https:\/\/www.ehca.at\/index.php?rest_route=%2Fwp%2Fv2%2Fmedia&parent=321"}],"curies":[{"name":"wp","href":"https:\/\/api.w.org\/{rel}","templated":true}]}}