{"id":19,"date":"2016-11-21T20:57:40","date_gmt":"2016-11-21T19:57:40","guid":{"rendered":"http:\/\/ehca.aau.at\/\/?page_id=19"},"modified":"2018-03-08T11:48:37","modified_gmt":"2018-03-08T10:48:37","slug":"feedback","status":"publish","type":"page","link":"https:\/\/www.ehca.at\/?page_id=19","title":{"rendered":"Feedback"},"content":{"rendered":"<p>Aus sicherheitstechnischen Gr\u00fcnden kann Feedback derzeit nur per eMail gesendet werden. Wir freuen uns nat\u00fcrlich trotzdem \u00fcber Ihre Kommentare.<\/p>\n<p>Bitte richten Sie Ihr Feedback an die Website-Managerin Dr. Ute Hasen\u00f6hrl unter <a href=\"mai&#108;&#116;&#111;&#58;&#x75;&#x74;&#x65;&#x2e;&#x68;&#x61;&#x73;eno&#101;&#104;&#114;&#108;&#64;&#x75;&#x69;&#x62;&#x6b;&#x2e;&#x61;c&#46;at\">ute.hasenoehrl[at]uibk.ac.at<\/a>.<\/p>\n<div class=\"edit-link\"><a class=\"post-edit-link\" href=\"\">edit<\/a><\/div>","protected":false},"excerpt":{"rendered":"<p>Aus sicherheitstechnischen Gr\u00fcnden kann Feedback derzeit nur per eMail gesendet werden. Wir freuen uns nat\u00fcrlich trotzdem \u00fcber Ihre Kommentare. Bitte richten Sie Ihr Feedback an die Website-Managerin Dr. Ute Hasen\u00f6hrl unter ute.hasenoehrl[at]uibk.ac.at. edit<\/p>\n","protected":false},"author":3,"featured_media":0,"parent":0,"menu_order":0,"comment_status":"closed","ping_status":"closed","template":"","meta":{"footnotes":""},"class_list":["post-19","page","type-page","status-publish","hentry"],"_links":{"self":[{"href":"https:\/\/www.ehca.at\/index.php?rest_route=\/wp\/v2\/pages\/19","targetHints":{"allow":["GET"]}}],"collection":[{"href":"https:\/\/www.ehca.at\/index.php?rest_route=\/wp\/v2\/pages"}],"about":[{"href":"https:\/\/www.ehca.at\/index.php?rest_route=\/wp\/v2\/types\/page"}],"author":[{"embeddable":true,"href":"https:\/\/www.ehca.at\/index.php?rest_route=\/wp\/v2\/users\/3"}],"replies":[{"embeddable":true,"href":"https:\/\/www.ehca.at\/index.php?rest_route=%2Fwp%2Fv2%2Fcomments&post=19"}],"version-history":[{"count":8,"href":"https:\/\/www.ehca.at\/index.php?rest_route=\/wp\/v2\/pages\/19\/revisions"}],"predecessor-version":[{"id":417,"href":"https:\/\/www.ehca.at\/index.php?rest_route=\/wp\/v2\/pages\/19\/revisions\/417"}],"wp:attachment":[{"href":"https:\/\/www.ehca.at\/index.php?rest_route=%2Fwp%2Fv2%2Fmedia&parent=19"}],"curies":[{"name":"wp","href":"https:\/\/api.w.org\/{rel}","templated":true}]}}