{"id":16,"date":"2016-11-19T17:15:35","date_gmt":"2016-11-19T16:15:35","guid":{"rendered":"http:\/\/ehca.aau.at\/\/?page_id=16"},"modified":"2021-10-15T15:52:31","modified_gmt":"2021-10-15T13:52:31","slug":"links","status":"publish","type":"page","link":"https:\/\/www.ehca.at\/?page_id=16","title":{"rendered":"Links"},"content":{"rendered":"<p><a href=\"https:\/\/www.plus.ac.at\/geschichte\/\" target=\"_blank\" rel=\"noopener noreferrer\">Fachbereich Geschichte, Universit\u00e4t Salzburg<\/a><\/p>\n<p><a href=\"https:\/\/www.uibk.ac.at\/geschichte-ethnologie\/\" target=\"_blank\" rel=\"noopener noreferrer\">Institut f\u00fcr Geschichtswissenschaften und Europ\u00e4ische Ethnologie, Universit\u00e4t Innsbruck<\/a><\/p>\n<p><a href=\"https:\/\/boku.ac.at\/wau\/ihg\" target=\"_blank\" rel=\"noopener noreferrer\">Institut f\u00fcr Hydrobiologie und Gew\u00e4ssermanagement (IHG), Universit\u00e4t f\u00fcr Bodenkultur Wien (BOKU)<\/a><\/p>\n<p><a href=\"https:\/\/www.jku.at\/institut-fuer-sozial-und-wirtschaftsgeschichte\/\" target=\"_blank\" rel=\"noopener noreferrer\">Institut f\u00fcr Sozial- und Wirtschaftsgeschichte, Johannes Kepler Universit\u00e4t Linz<\/a><\/p>\n<p><a href=\"https:\/\/boku.ac.at\/zentrum-fuer-umweltgeschichte\" target=\"_blank\" rel=\"noopener noreferrer\">ZUG &#8211; Zentrum f\u00fcr Umweltgeschichte<\/a><\/p>\n<p><a href=\"http:\/\/eseh.org\/\" target=\"_blank\" rel=\"noopener noreferrer\">ESEH &#8211; European Society For Environmental History<\/a><\/p>\n<p><a href=\"http:\/\/www.iceho.org\" target=\"_blank\" rel=\"noopener noreferrer\">ICEHO &#8211; International Consortium of Environmental History Organizations<\/a><\/p>\n<div class=\"edit-link\"><a class=\"post-edit-link\" href=\"\">edit<\/a><\/div>","protected":false},"excerpt":{"rendered":"<p>Fachbereich Geschichte, Universit\u00e4t Salzburg Institut f\u00fcr Geschichtswissenschaften und Europ\u00e4ische Ethnologie, Universit\u00e4t Innsbruck Institut f\u00fcr Hydrobiologie und Gew\u00e4ssermanagement (IHG), Universit\u00e4t f\u00fcr Bodenkultur Wien (BOKU) Institut f\u00fcr Sozial- und Wirtschaftsgeschichte, Johannes Kepler Universit\u00e4t Linz ZUG &#8211; Zentrum f\u00fcr Umweltgeschichte ESEH &#8211; European Society For Environmental&#8230;<\/p>\n","protected":false},"author":3,"featured_media":0,"parent":0,"menu_order":0,"comment_status":"closed","ping_status":"closed","template":"","meta":{"footnotes":""},"class_list":["post-16","page","type-page","status-publish","hentry"],"_links":{"self":[{"href":"https:\/\/www.ehca.at\/index.php?rest_route=\/wp\/v2\/pages\/16","targetHints":{"allow":["GET"]}}],"collection":[{"href":"https:\/\/www.ehca.at\/index.php?rest_route=\/wp\/v2\/pages"}],"about":[{"href":"https:\/\/www.ehca.at\/index.php?rest_route=\/wp\/v2\/types\/page"}],"author":[{"embeddable":true,"href":"https:\/\/www.ehca.at\/index.php?rest_route=\/wp\/v2\/users\/3"}],"replies":[{"embeddable":true,"href":"https:\/\/www.ehca.at\/index.php?rest_route=%2Fwp%2Fv2%2Fcomments&post=16"}],"version-history":[{"count":15,"href":"https:\/\/www.ehca.at\/index.php?rest_route=\/wp\/v2\/pages\/16\/revisions"}],"predecessor-version":[{"id":711,"href":"https:\/\/www.ehca.at\/index.php?rest_route=\/wp\/v2\/pages\/16\/revisions\/711"}],"wp:attachment":[{"href":"https:\/\/www.ehca.at\/index.php?rest_route=%2Fwp%2Fv2%2Fmedia&parent=16"}],"curies":[{"name":"wp","href":"https:\/\/api.w.org\/{rel}","templated":true}]}}