{"id":628,"date":"2020-01-29T17:05:35","date_gmt":"2020-01-29T16:05:35","guid":{"rendered":"http:\/\/www.ehca.at\/?page_id=628"},"modified":"2024-06-05T18:27:53","modified_gmt":"2024-06-05T16:27:53","slug":"publikationen","status":"publish","type":"page","link":"http:\/\/www.ehca.at\/?page_id=628","title":{"rendered":"Publikationen"},"content":{"rendered":"<p>Auf dieser Seite finden Sie eine Auswahl j\u00fcngerer Publikationen unserer Mitglieder zur Umweltgeschichte \u00d6sterreichs, geordnet nach Jahr und Name.<\/p>\n<p><span style=\"font-size: 18pt;\"><strong>2023<\/strong><\/span><\/p>\n<p>Nie\u00dfner, Reinhard: <a href=\"https:\/\/www.mdpi.com\/2073-4441\/16\/11\/1568\">An Environmental History of the First Attempts to Straighten the River Inn in Tyrol (1745\u20131792)<\/a>, in: Water 16 (2024), S. 1568.<\/p>\n<p>Nie\u00dfner, Reinhard: <a href=\"https:\/\/ulb-dok.uibk.ac.at\/ZuFo\/periodical\/pageview\/9390340\">Die Verarchung des Inns<\/a>, in: Zukunft Forschung 2 (2023), S. 16-17.<\/p>\n<p>Schnicke, Falko: &#8222;Nature in Order&#8220; or Human Agency? Visions of the Future in the Long Nineteenth-Century Newspaper Climate Change Discourse, in: Schliephake, Christopher\/Zemanek, Evi (Hg.): Anticipatory Environmental (Hi)Stories from Antiquity to the Anthropocene. London 2023, S. 263-279.<\/p>\n<p>St\u00f6ger, Georg: Urban Environmental Infrastructure in the Eastern Alpine Region (Sixteenth to Eighteenth Century), in: Giacomo Bonan\/Katia Occhi (Hg.): Environment and Infrastructure. Challenges, Knowledge and Innovation from the Early Modern Period to the Present. Berlin\/Boston 2023, S. 39\u201358.<\/p>\n<p>St\u00f6ger, Georg: Von erneuerbarer zu fossiler Energie &#8211; Linz, circa 1700 bis 1900, in: Alfred Weidinger\/Ute Streitt (Hg.), Mensch &#8211; Umwelt &#8211; Region. Betr\u00e4ge zur ober\u00f6sterreichischen Umweltgeschichte. Linz 2023, S. 49\u201370.<\/p>\n<p>St\u00f6ger, Georg: Zwischen privat und \u00f6ffentlich &#8211; G\u00e4rten und Parks in Linz, circa 1700 bis 1900, in: Alfred Weidinger\/Ute Streitt (Hg.), Mensch &#8211; Umwelt &#8211; Region. Betr\u00e4ge zur ober\u00f6sterreichischen Umweltgeschichte. Linz 2023, S. 155\u2013173.<\/p>\n<p>Weidinger, Alfred\/Streitt, Ute (Hg.), <a href=\"https:\/\/www.zobodat.at\/publikation_volumes.php?id=72887\">Mensch &#8211; Umwelt &#8211; Region<\/a>. Betr\u00e4ge zur ober\u00f6sterreichischen Umweltgeschichte, Linz 2023.<\/p>\n<p>&nbsp;<\/p>\n<p><span style=\"font-size: 18pt;\"><strong>2022<\/strong><\/span><\/p>\n<p>Aschwanden, Romed\/Buck, Maria\/Kupper, Patrick\/Schmidt, Kira J. (Hg.): Conflits d&#8217;usage depuis 1950\/ Conflitti d&#8217;uso dal 1950\/ Nutzungskonflikte seit 1950. Z\u00fcrich: Chronos 2022 (Histoire des Alpes, 27).<\/p>\n<p>Aschwanden, Romed\/Buck, Maria\/Kupper, Patrick\/Schmidt, Kira J.: Moving Mountains. The Protection of the Alps. In: Anna-Katharina W\u00f6bse\/Patrick Kupper (Hg.): Greening Europe. Environmental Protection in the Long Twentieth Century &#8211; A Handbook. Berlin: De Gruyter Oldenbourg 2022, S. 217\u2013242.<\/p>\n<p>Hasen\u00f6hrl, Ute\/Gro\u00df, Robert: Travelling (Western) Europe. Tourism, Regional Development and Nature Protection. In: Anna-Katharina W\u00f6bse\/Patrick Kupper (Hg.): Greening Europe. Environmental Protection in the Long Twentieth Century \u2013 A Handbook. Berlin\/Boston: De Gruyter Oldenbourg 2022, S. 185-215.<\/p>\n<p>W\u00f6bse, Anna-Katharina\/Kupper, Patrick (Hg.): <a href=\"https:\/\/www.environmentandsociety.org\/mml\/greening-europe-environmental-protection-long-twentieth-century-handbook\">Greening Europe: Environmental Protection in the Long Twentieth Century<\/a> (Contemporary European History, 1). Berlin: De Gruyter Oldenbourg 2022.<\/p>\n<p>&nbsp;<\/p>\n<p><span style=\"font-size: 18pt;\"><strong>2021<\/strong><\/span><\/p>\n<p>Hasen\u00f6hrl, Ute\/Kupper, Patrick: <a href=\"https:\/\/www.tandfonline.com\/doi\/full\/10.1080\/07341512.2022.2033384\">Historicizing Renewables: Issues and Challenges.<\/a> In: History and Technology 4 (2021), S. 1\u201314.<\/p>\n<p>Hasen\u00f6hrl, Ute\/Kupper, Patrick: <a href=\"https:\/\/www.tandfonline.com\/toc\/ghat20\/37\/4?nav=tocList\">History of Renewables<\/a>, History and Technology 4 (2021).<\/p>\n<p>Hohensinner, S., Atzler, U., Fischer, A., Schwaizer, G. &amp; Helfricht, K.: Tracing the Long-Term Evolution of Land Cover in an Alpine Valley 1820\u20132015 in the Light of Climate, Glacier and Land Use Changes. In: Frontiers in Environmental Science 9 (2021), Article 683397, <a href=\"https:\/\/doi.org\/10.3389\/fenvs.2021.683397\">https:\/\/doi.org\/10.3389\/fenvs.2021.683397<\/a>.<\/p>\n<p>Hohensinner, S., Atzler, U., Berger, M., Bozzetta, T., Hoberth, C., Kofler, M., Rapottnig, L., Sterle, Y. &amp; Haidvogl, G.: Land Use and Cover Change in the Industrial Era: A Spatial Analysis of Alpine River Catchments and Fluvial Corridors. In: Frontiers in Environmental Science 9 (2021), Article 647247, <a href=\"https:\/\/doi.org\/10.3389\/fenvs.2021.647247\">https:\/\/doi.org\/10.3389\/fenvs.2021.647247<\/a>.<\/p>\n<p>Hohensinner, S., Egger, G., Muhar, S., Vaudor, L. &amp; Piegay, H.: What remains today of pre-industrial Alpine rivers? Census of historical and current channel patterns in the Alps. In: River Research and Applications, 37\/2 (2021), S. 128-149, <a href=\"https:\/\/doi.org\/10.1002\/rra.3751\">https:\/\/doi.org\/10.1002\/rra.3751<\/a>.<\/p>\n<p>Hohensinner, Severin: Die Verwandlung der Donau &#8211; Eine kaum zu b\u00e4ndigende Flusslandschaft. In: Petschar, H. &amp; Zeilinger, E. (Hg.), Die Donau &#8211; Eine Reise in die Vergangenheit. Wien: \u00d6sterreichische Nationalbibliothek 2021, S. 28-39 (<a href=\"https:\/\/www.researchgate.net\/publication\/353073121_Die_Verwandlung_der_Donau_-_Eine_kaum_zu_bandigende_Flusslandschaft\">https:\/\/www.researchgate.net\/publication\/353073121_Die_Verwandlung_der_Donau_-_Eine_kaum_zu_bandigende_Flusslandschaft<\/a>).<\/p>\n<p>Johann, Elisabeth: Coppice forests in Austria: The re-introduction of traditional management systems in coppice forests in response to the decline of species and landscape and under the aspect of climate change. In: Forest Ecology and Management 490 (2021), S. 119-129.<\/p>\n<p>Kupper, Patrick: Umweltgeschichte (Einf\u00fchrungen in die Geschichtswissenschaft. Neuere und Neueste Geschichte). G\u00f6ttingen: UTB\/ Vandenhoeck &amp; Ruprecht 2021 (<a href=\"https:\/\/www.utb.de\/doi\/10.36198\/9783838557298\">https:\/\/www.utb.de\/doi\/10.36198\/9783838557298<\/a>).<\/p>\n<p>Pichler, Melanie\/Schmid, Martin\/ Gingrich, Simone: Mechanisms to exclude local people from forests: Shifting power relations in forest transitions. Ambio (2021) DOI 10.1007\/s13280-021-01613-y (<a href=\"https:\/\/link.springer.com\/content\/pdf\/10.1007\/s13280-021-01613-y.pdf\"><em>https:\/\/link.springer.com\/content\/pdf\/10.1007\/s13280-021-01613-y.pdf<\/em><\/a>).<\/p>\n<p>Scharf, Katharina: Alpen zwischen Erschlie\u00dfung und Naturschutz. Tourismus in Salzburg und Savoyen 1860\u20131914, Innsbruck: StudienVerlag 2021 (<a href=\"https:\/\/www.studienverlag.at\/produkt\/6013\/alpen-zwischen-erschliessung-und-naturschutz\/\">https:\/\/www.studienverlag.at\/produkt\/6013\/alpen-zwischen-erschliessung-und-naturschutz\/<\/a>\u200b).<\/p>\n<p>St\u00f6ger, Georg: Geschichte(n) des Wegwerfens, in: Neue Politische Literatur 66 (2021), S. 277\u2013289.<\/p>\n<p><span style=\"font-size: small;\"><span style=\"font-size: 12pt;\">St\u00f6ger, Georg: Transformationen st\u00e4dtischer Umwelt. Das Beispiel Linz, 1700-1900, Wien\/K\u00f6ln\/Weimar: B\u00f6hlau 2021 (<a href=\"https:\/\/doi.org\/10.7767\/9783205212331\" target=\"_blank\" rel=\"noopener noreferrer\"> https:\/\/doi.org\/10.7767\/9783205212331 <\/a>)<\/span><\/span><\/p>\n<p>St\u00f6ger, Georg\/Pichler-Baumgartner Luisa: Water Modernity and Society in Linz, ca. 1700\u20131900, in: UR Journal of Humanities and Social Sciences 19\/2 (2021), S. 52\u201376.<\/p>\n<p>&nbsp;<\/p>\n<p><span style=\"font-size: 18pt;\"><strong>2020<\/strong><\/span><\/p>\n<p>Gingrich, Simone\/G\u00fcldner, Dino\/ Schmid, Martin: Eine sozial-\u00f6kologische Interpretation der \u201eForest Transition\u201c in den \u00f6sterreichischen Alpenl\u00e4ndern des 19. Jahrhunderts. In: Ansgar Schanbacher u.a. (Hrsg.), &#8222;Nachhaltigkeit als Argument&#8220;: Ressourcen in historischer Perspektive. Landschaft, Literatur und Nachhaltigkeit. G\u00f6ttingen: Universit\u00e4tsverlag 2020, S. 117-146 (<a href=\"https:\/\/doi.org\/10.17875\/gup2020-1352\">https:\/\/doi.org\/10.17875\/gup2020-1352<\/a>).<\/p>\n<p>Haumann, Sebastian\/Knoll, Martin\/Mares, Detlev (Hg.): Concepts of urban-environmental history. Bielefeld: Transkript 2020.<\/p>\n<p>Hohensinner, Severin: Der Donau auf der Spur. Katalog zur gleichnamigen Ausstellung in der Schallaburg 2020. In: Schallaburg Kulturbetriebsges.m.b.H. (Hrsg.): Donau &#8211; Menschen, Sch\u00e4tze &amp; Kulturen. Eine Reise vom Schwarzen Meer zur Schallaburg, Schallaburg 2020, S. 21-27.<\/p>\n<p>Hohensinner, Severin: Wien und die Donau. Landschaftswandel und Wasserbauma\u00dfnahmen seit dem fr\u00fchen 16. Jahrhundert. In: Mitteilungen der Deutschen Gesellschaft f\u00fcr Arch\u00e4ologie des Mittelalters und der Neuzeit 33 (2020), S. 255-264.<\/p>\n<p>Johann, Elisabeth: Beitrag zur Geschichte der Jagd im Nationalpark Hohe Tauern, K\u00e4rnten, im ausgehenden Mittelalter und der Fr\u00fchen Neuzeit. In: Joachim Hamberger (Hg.): Beitr\u00e4ge zur Forstgeschichte. Festschrift zur Ruhestandsversetzung von LWF Pr\u00e4sident Olaf Schmidt (Schriftenreihe des Zentrums Wald-Forst-Holz Weihenstephan 218), Freising 2020, S. 95-101.<\/p>\n<p>Nie\u00dfner, Reinhard:<a href=\"https:\/\/www.uibk.ac.at\/fsp-kultur\/nachwuchs\/texte\/niessner-geschichte-inn.html\" target=\"_blank\" rel=\"noopener noreferrer\"> Die Flusslandschaft des Tiroler Inns: Eine Umweltgeschichte (1745\u20131792)<\/a>, in: Junge Forschung 26 (2020). Artikelserie des Forschungsschwerpunkts \u201eKulturelle Begegnungen \u2013 Kulturelle Konflikte\u201c der Universit\u00e4t Innsbruck (<a id=\"LPlnk701057\" class=\"x_OWAAutoLink\" href=\"https:\/\/www.uibk.ac.at\/fsp-kultur\/nachwuchs\/texte\/niessner-geschichte-inn.html\" target=\"_blank\" rel=\"noopener noreferrer\">https:\/\/www.uibk.ac.at\/fsp-kultur\/nachwuchs\/texte\/niessner-geschichte-inn.html<\/a>).<\/p>\n<p>Schmid, Martin\/Winiwarter Verena: Umweltgeschichte und Erdzukunft. In: Erwin Schmid\/Tobias Pr\u00f6ll (Hrsg.), Umwelt- und Bioressourcenmanagement f\u00fcr eine nachhaltige Zukunftsgestaltung. Springer 2020, S. 81-94 (<a href=\"https:\/\/doi.org\/10.1007\/978-3-662-60435-9\">https:\/\/doi.org\/10.1007\/978-3-662-60435-9<\/a>).<\/p>\n<p>&nbsp;<\/p>\n<p><strong><span style=\"font-size: 18pt;\">2019<\/span><\/strong><\/p>\n<p>Feng, Z.\/Bohleber, P.\/Ebser, S.\/Ringena, L.\/Schmidt, M.\/ Kersting, A.\/Hopkins, P.\/Hoffmann, H.\/Fischer, A.\/Aeschbach, W.\/Oberthaler, M. K.: Dating glacier ice of the last millennium by quantum technology. In: Proceedings of the National Academy of Sciences Apr 2019, 201816468; DOI: 10.1073\/pnas.1816468116.<\/p>\n<p><span class=\"small\">Gro\u00df, Robert: Die Beschleunigung der Berge. Eine Umweltgeschichte des Wintertourismus in Vorarlberg\/\u00d6sterreich (1920-2010) <\/span><span class=\"small\">(= Umwelthistorische Forschungen 7)<\/span><span class=\"small\">. K\u00f6ln: B\u00f6hlau 2019.<\/span><\/p>\n<p>Helfricht, K.\/Huss, M.\/Fischer, A.\/Otto, J.-C.: Calibrated ice thickness estimate for all glaciers in Austria. In: Front. Earth Sci 2019. doi: 10.3389\/feart.2019.00068.<\/p>\n<p>Johann, Elisabeth: <span lang=\"DE-AT\">Der gemeinschaftlich bewirtschaftete Wald in der Geschichte der Hohen Tauern (heute Nationalpark Hohe Tauern K\u00e4rnten). In: P\u00e2sturages et for\u00eats collectifs &#8211;\u00a0 Kollektive Weiden und W\u00e4lder. Histoire des Alpes \u2013 Storia delle Alpi \u2013 Geschichte der Alpen 2019\/24. <\/span><span lang=\"EN-GB\">Z\u00fcrich: Chronos Verlag 2019, S. 171-196.<\/span><\/p>\n<p>Johann, Elisabeth: <span lang=\"EN-GB\">The transport of timber and characoal on the upper course of the river Drava\/Drau.\u00a0 In: Ekonomska i ekohistorija (Economic- and Ecohistory. Journal of Economic History and Environmental History) XV (2019), S. 23-42.<\/span><\/p>\n<p>Nie\u00dfner, Reinhard: \u00dcberschwemmungen und Wetterbeobachtung. Zwei Forschungs- und Wissensfelder in Franz von Zallingers Werk, in: W\u00fcst, Wolfgang\/Drossbach, Gisela (Hrsg.), Umwelt-, Klima- und Konsumgeschichte. Fallstudien zu S\u00fcddeutschland, \u00d6sterreich und der Schweiz, Berlin 2019, S. 505\u2013531.<\/p>\n<p>Schmid, Martin: W\u00e4lder in der umwelthistorischen Risikospirale [Teil 1 und 2]. Forstzeitung 01 (2019), S. 12-13, und 02 (2019), S. 26-28.<\/p>\n<p>Stocker-Waldhuber, M.\/Fischer, A.\/Helfricht, K.\/Kuhn, M.: Long-term records of glacier surface velocities in the \u00d6tztal Alps (Austria). In: Earth Syst. Sci. Data (2019), Nr. 11, S. 705-715, https:\/\/doi.org\/10.5194\/essd-11-705-2019.<\/p>\n<p>Zentrum f\u00fcr Umweltgeschichte (Hrsg.): <a href=\"https:\/\/boku.ac.at\/fileadmin\/data\/H03000\/H81000\/H81200\/_TEMP_\/aktuell\/ZUG_2019_-_Wasser_Stadt_Wien.pdf\">Wasser Stadt Wien<\/a>. Eine Umweltgeschichte. Wien 2019.<\/p>\n<p><strong><span style=\"font-size: 18pt;\">2018<\/span><\/strong><\/p>\n<p><span class=\"small\">Barth-Scalmani, Gunda\/Kupper, Patrick\/Head-K\u00f6nig, Anne-Lise (Hrsg.): Grenzen\/Fronti\u00e8res <\/span><span class=\"small\">(= Geschichte der Alpen\/Histoire des Alpes\/Storia delle Alpi 23)<\/span><span class=\"small\">. Z\u00fcrich: Chronos 2018.<\/span><\/p>\n<p>Charalampidis, C.\/Fischer, A.\/Kuhn, M.\/Lambrecht, A.\/Mayer, C.\/Thomaidis, K.\/Weber, M.: Mass-Budget Anomalies and Geometry Signals of Three Austrian Glaciers. In: Front. Earth Sci. (2018) 6:218. doi: 10.3389\/feart.2018.00218: URL: www.frontiersin.org\/articles\/10.3389\/feart.2018.00218\/full.<\/p>\n<p>Fischer, A.\/Patzelt, G.\/Achrainer, M.\/Gro\u00df, G.\/Lieb, G. K.\/Kellerer-Pirklbauer, A.\/Bendler, G.: 2018. Gletscher im Wandel. 125 Jahre Gletschermessdienst des Alpenvereins. Berlin: Springer Spektrum 2018.<\/p>\n<p>Hartl, L.\/Fischer, A.\/Olefs, M.: 2018. Analysis of past changes in wet bulb temperature in relation to snow making conditions based on long term observations Austria and Germany. In: Global and Planetary Change 167 (2018), S. 123-136, ISSN 0921-8181, https:\/\/doi.org\/10.1016\/j.gloplacha.2018.05.011.<\/p>\n<p>Landry, Marc\/Kupper Patrick (Hrsg.): Austrian Environmental History (= Contemporary Austrian Studies 27). Innsbruck: Innsbruck University Press 2018.<\/p>\n<p>Pichler-Koban, Christina\/Jungmeier, Michael: Der lange Weg zum Nationalpark. Von einem Villacher Industriellen, der den Gro\u00dfglockner kaufte und einem Spittaler Naturforscher, der den ersten Nationalpark Tasmaniens errichtete, In: Die Br\u00fccke 9 (2018), S. 15.<\/p>\n<p>Pichler-Koban, Christina: <span class=\"eco-article-title\">Zwischen nationalem Symbol und europ\u00e4ischem Projekt &#8211; alpine Nationalparks und Alpentourismus des 19. und im 20. Jahrhunderts. In: Causarano, Pietro\/Balestracci, Fiammetta (Hrsg.): Al confine delle Alpi. Culture, valori sociali e orizzonti nazionali tra mondo tedesco e mondo italiano, XIX e XX secolo<\/span>. Milano: FrancoAngeli 2018, S. 235-246.<\/p>\n<p>Schmid, Martin: Land am Strome. In: Monika Sommer\/Heidemarie Uhl\/Klaus Zeyringer (Hrsg.), 100 x \u00d6sterreich. Neue Essays aus Literatur und Wissenschaft. Wien: Kremayr &amp; Scheriau 2018, S. 202-205 (<a href=\"http:\/\/www.kremayr-scheriau.at\/bucher-e-books\/titel\/100-x-oesterreich\/\">http:\/\/www.kremayr-scheriau.at\/bucher-e-books\/titel\/100-x-oesterreich\/<\/a>).<\/p>\n<p>Tucker, Richard\/Keller, Tait\/McNeill, John\/Schmid, Martin (Hg.): Environmental Histories of the First World War. Cambridge University Press 2018 (<a href=\"https:\/\/www.cambridge.org\/core\/books\/environmental-histories-of-the-first-world-war\/2C19863817A09F64895330E3413ECE39\">https:\/\/www.cambridge.org\/core\/books\/environmental-histories-of-the-first-world-war\/2C19863817A09F64895330E3413ECE39<\/a>).<\/p>\n<p>Ukowitz, Martina\/Pichler-Koban, Christina: Der Vertigo-Effekt. Institutionelle Dynamiken im Naturschutz (Beitr\u00e4ge zur sozialwissenschaftlichen Nachhaltigkeitsforschung 28). Marburg: Metropolis-Verlag 2018.<\/p>\n<p><strong><span style=\"font-size: 18pt;\">2017<\/span><\/strong><\/p>\n<p>Gro\u00df, Robert: Uphill and Downhill Histories. How Winter Tourism Transformed Alpine Regions in Vorarlberg\/Austria \u2013 1930 to 1970. In: Zeitschrift f\u00fcr Tourismuswissenschaft 9 (2017), Nr. 1 (Special Issue Tourism and Transformation \u2013 Regional Development in European History), S. 115-139.<\/p>\n<p>Hasen\u00f6hrl, Ute: \u201c&#8230;als Naturschutzpark der Zukunft erhalten\u201d. Albert Wirth und die Naturschutzidee im Gro\u00dfglocknergebiet. In: BERG 2018. Alpenvereinsjahrbuch. Innsbruck: Tyrolia 2017, S. 32-39.<\/p>\n<p>Kupper, Patrick: Nationalpark und Alpentourismus. Zur Geschichte einer verwickelten Beziehung. In: Luger, Kurt\/Rest, Franz (Hrsg.): Alpenreisen. Erlebnis, Raumtransformationen, Imagination. Innsbruck: Studien Verlag 2017, S. 445\u2013464.<\/p>\n<p>Pichler-Koban, Christina\/Jungmeier, Michael: Alpine parks between yesterday and tomorrow. A conceptual history of Alpine national parks via tourism in charismatic parks in Austria, Germany and Switzerland, in: eco.mont (2017), S. 17-28.<\/p>\n<p>Schoder, Angelika\/Schmid, Martin: Where Technology and Environmentalism Meet: The Remaking of the Austrian Danube for Hydropower. In: Hrvoje Petri\u0107\/Ivana \u017debec \u0160ilj (Hg.): Environmentalism in Central and Southeastern Europe: Historical Perspectives. London:\u00a0 Lexington 2017, S. 3-20 (<a href=\"https:\/\/books.google.at\/books?hl=de&amp;lr=&amp;id=xbg9DgAAQBAJ&amp;oi=fnd&amp;pg=PR5&amp;ots=gqbjGCsVKe&amp;sig=mKmRMslyv7_BD3U2UrXAvwiV56E#v=onepage&amp;q&amp;f=false\">https:\/\/books.google.at\/books?hl=de&amp;lr=&amp;id=xbg9DgAAQBAJ&amp;oi=fnd&amp;pg=PR5&amp;ots=gqbjGCsVKe&amp;sig=mKmRMslyv7_BD3U2UrXAvwiV56E#v=onepage&amp;q&amp;f=false<\/a>).<\/p>\n<div class=\"edit-link\"><a class=\"post-edit-link\" href=\"\">edit<\/a><\/div>","protected":false},"excerpt":{"rendered":"<p>Auf dieser Seite finden Sie eine Auswahl j\u00fcngerer Publikationen unserer Mitglieder zur Umweltgeschichte \u00d6sterreichs, geordnet nach Jahr und Name. 2023 Nie\u00dfner, Reinhard: An Environmental History of the First Attempts to Straighten the River Inn in Tyrol (1745\u20131792), in: Water 16 (2024), S. 1568.&#8230;<\/p>\n","protected":false},"author":4,"featured_media":0,"parent":0,"menu_order":0,"comment_status":"closed","ping_status":"closed","template":"","meta":{"footnotes":""},"class_list":["post-628","page","type-page","status-publish","hentry"],"_links":{"self":[{"href":"http:\/\/www.ehca.at\/index.php?rest_route=\/wp\/v2\/pages\/628","targetHints":{"allow":["GET"]}}],"collection":[{"href":"http:\/\/www.ehca.at\/index.php?rest_route=\/wp\/v2\/pages"}],"about":[{"href":"http:\/\/www.ehca.at\/index.php?rest_route=\/wp\/v2\/types\/page"}],"author":[{"embeddable":true,"href":"http:\/\/www.ehca.at\/index.php?rest_route=\/wp\/v2\/users\/4"}],"replies":[{"embeddable":true,"href":"http:\/\/www.ehca.at\/index.php?rest_route=%2Fwp%2Fv2%2Fcomments&post=628"}],"version-history":[{"count":23,"href":"http:\/\/www.ehca.at\/index.php?rest_route=\/wp\/v2\/pages\/628\/revisions"}],"predecessor-version":[{"id":927,"href":"http:\/\/www.ehca.at\/index.php?rest_route=\/wp\/v2\/pages\/628\/revisions\/927"}],"wp:attachment":[{"href":"http:\/\/www.ehca.at\/index.php?rest_route=%2Fwp%2Fv2%2Fmedia&parent=628"}],"curies":[{"name":"wp","href":"https:\/\/api.w.org\/{rel}","templated":true}]}}